{"id":39,"date":"2021-08-23T16:58:58","date_gmt":"2021-08-23T16:58:58","guid":{"rendered":"http:\/\/www.dkcjenerator.com\/?page_id=39"},"modified":"2021-08-23T16:58:58","modified_gmt":"2021-08-23T16:58:58","slug":"jenerator-montaj-hizmeti","status":"publish","type":"page","link":"https:\/\/www.dkcjenerator.com\/?page_id=39","title":{"rendered":"Jenerat\u00f6r Montaj Hizmeti"},"content":{"rendered":"\n<p>DKC Jenerat\u00f6r uzman personelleri taraf\u0131ndan Jenerat\u00f6r\u00fcn\u00fcz\u00fcn g\u00fcvenli bir \u015fekilde kullan\u0131m\u0131nda ilk ad\u0131m do\u011fru montaj yap\u0131lmas\u0131d\u0131r. Ba\u015ftan hatal\u0131 yap\u0131lan montajlar, ileride jenerat\u00f6rden beklenen verimin al\u0131namamas\u0131 bunun da \u00f6tesinde hayati tehlikeye varacak sonu\u00e7lar do\u011furabilir.<\/p>\n\n\n\n<p><br>Jenerat\u00f6r\u00fcn\u00fcz\u00fcn yer de\u011fi\u015ftirme hizmetlerinde bir yerden bir yere ta\u015f\u0131nmas\u0131, bu kapsamda do\u011fabilecek ar\u0131zalar\u0131n giderilmesi ve \u00fcr\u00fcn\u00fcn\u00fcz\u00fcn Garanti kapsam\u0131 d\u0131\u015f\u0131nda kalmamas\u0131 i\u00e7in uzman kadromuzla hizmetinizdeyiz.<\/p>\n\n\n\n<p><br>Ald\u0131\u011f\u0131n\u0131z jenerat\u00f6r\u00fcn kaliteli olmas\u0131 kadar, yer se\u00e7imi ve montaj i\u015flerinin de teknik kurallar \u00e7er\u00e7evesinde yap\u0131lmas\u0131, jenerat\u00f6r\u00fcn\u00fcz\u00fcn sorunsuz uzun y\u0131llar \u00e7al\u0131\u015fmas\u0131n\u0131n yan\u0131 s\u0131ra sizlere iyide bir verim sa\u011flayacakt\u0131r. Talebe g\u00f6re uygun maliyetlerle montaj ve demontaj yap\u0131lmaktad\u0131r. Ayr\u0131ca 2.el her t\u00fcrl\u00fc jenerat\u00f6r\u00fcn sat\u0131m\u0131nda kolayl\u0131klar sa\u011flanmaktad\u0131r. Firmam\u0131z jenerat\u00f6r konusunda y\u0131llar\u0131n getirdi\u011fi deneyimi yans\u0131tmaktad\u0131r.<\/p>\n","protected":false},"excerpt":{"rendered":"<p>DKC Jenerat\u00f6r uzman personelleri taraf\u0131ndan Jenerat\u00f6r\u00fcn\u00fcz\u00fcn g\u00fcvenli bir \u015fekilde kullan\u0131m\u0131nda ilk ad\u0131m do\u011fru montaj yap\u0131lmas\u0131d\u0131r. Ba\u015ftan hatal\u0131 yap\u0131lan montajlar, ileride jenerat\u00f6rden beklenen verimin al\u0131namamas\u0131 bunun da \u00f6tesinde hayati tehlikeye varacak sonu\u00e7lar do\u011furabilir. Jenerat\u00f6r\u00fcn\u00fcz\u00fcn yer de\u011fi\u015ftirme hizmetlerinde bir yerden bir yere ta\u015f\u0131nmas\u0131, bu kapsamda do\u011fabilecek ar\u0131zalar\u0131n giderilmesi ve \u00fcr\u00fcn\u00fcn\u00fcz\u00fcn Garanti kapsam\u0131 d\u0131\u015f\u0131nda kalmamas\u0131 i\u00e7in uzman kadromuzla [&hellip;]<\/p>\n","protected":false},"author":1,"featured_media":0,"parent":0,"menu_order":0,"comment_status":"closed","ping_status":"closed","template":"","meta":[],"_links":{"self":[{"href":"https:\/\/www.dkcjenerator.com\/index.php?rest_route=\/wp\/v2\/pages\/39"}],"collection":[{"href":"https:\/\/www.dkcjenerator.com\/index.php?rest_route=\/wp\/v2\/pages"}],"about":[{"href":"https:\/\/www.dkcjenerator.com\/index.php?rest_route=\/wp\/v2\/types\/page"}],"author":[{"embeddable":true,"href":"https:\/\/www.dkcjenerator.com\/index.php?rest_route=\/wp\/v2\/users\/1"}],"replies":[{"embeddable":true,"href":"https:\/\/www.dkcjenerator.com\/index.php?rest_route=%2Fwp%2Fv2%2Fcomments&post=39"}],"version-history":[{"count":1,"href":"https:\/\/www.dkcjenerator.com\/index.php?rest_route=\/wp\/v2\/pages\/39\/revisions"}],"predecessor-version":[{"id":41,"href":"https:\/\/www.dkcjenerator.com\/index.php?rest_route=\/wp\/v2\/pages\/39\/revisions\/41"}],"wp:attachment":[{"href":"https:\/\/www.dkcjenerator.com\/index.php?rest_route=%2Fwp%2Fv2%2Fmedia&parent=39"}],"curies":[{"name":"wp","href":"https:\/\/api.w.org\/{rel}","templated":true}]}}