{"id":42,"date":"2021-08-23T18:05:11","date_gmt":"2021-08-23T18:05:11","guid":{"rendered":"http:\/\/www.dkcjenerator.com\/?page_id=42"},"modified":"2021-08-23T18:05:11","modified_gmt":"2021-08-23T18:05:11","slug":"jenerator-periyodik-bakim","status":"publish","type":"page","link":"https:\/\/www.dkcjenerator.com\/?page_id=42","title":{"rendered":"Jenerat\u00f6r Periyodik Bak\u0131m"},"content":{"rendered":"\n<p><strong>G\u00dcNL\u00dcK KONTROLLER:<\/strong><\/p>\n\n\n\n<p><strong>*<\/strong>M\u00fc\u015fteri taraf\u0131ndan yap\u0131l\u0131r<\/p>\n\n\n\n<p>*G\u00fcvenlik a\u00e7\u0131s\u0131ndan jenerat\u00f6r\u00fcn\u00fcz otomatik ise kumanda paneli \u00fczerinden jenerat\u00f6r\u00fc kapal\u0131(OFF) konumuna al\u0131n\u0131z<\/p>\n\n\n\n<p>*Radyat\u00f6rdeki so\u011futma suyunu kontrol ediniz<\/p>\n\n\n\n<p>*So\u011futma suyu eksikse ilave ediniz<\/p>\n\n\n\n<p>*So\u011fuk havalar ba\u015flamadan so\u011futma suyundaki antifriz oran\u0131n\u0131 kontrol ediniz<\/p>\n\n\n\n<p>*Ya\u011f \u00e7ubu\u011funu \u00e7ekerek ya\u011f seviyesini kontrol ediniz gerekirse kullan\u0131m kitab\u0131nda belirtilen cinste ya\u011f ilave ediniz.<\/p>\n\n\n\n<p>*Yak\u0131t tank\u0131ndaki yak\u0131t seviyesini kontrol ediniz yak\u0131t seviyesi d\u00fc\u015f\u00fck ise ilave ediniz<\/p>\n\n\n\n<p>*Jenerat\u00f6rde ya\u011f,su,yak\u0131t s\u0131z\u0131nt\u0131s\u0131 olup olmad\u0131\u011f\u0131n\u0131 kontrol ediniz e\u011fer var ise yetkili servis \u00e7a\u011f\u0131rarak gerekli kontrollerini yapt\u0131r\u0131n\u0131z.<\/p>\n\n\n\n<p><strong>\u0130LK 50h \u00c7al\u0131\u015fma saatinde veya ilk 6 ayda yap\u0131lacak bak\u0131m:<\/strong><\/p>\n\n\n\n<p>*Yetkili servis taraf\u0131ndan yap\u0131lmal\u0131d\u0131r<\/p>\n\n\n\n<p>*Jenerat\u00f6r\u00fcn genel kontrolleri yap\u0131l\u0131r<\/p>\n\n\n\n<p>*Jenerat\u00f6r\u00fcn ba\u011flant\u0131 civatalar\u0131 ve takozlar\u0131 kontrol edilir.<\/p>\n\n\n\n<p>*Gev\u015fek veya deforme olmu\u015f par\u00e7alar kontrol edilir gerekirse yenisi ile de\u011fi\u015ftirilir.<\/p>\n\n\n\n<p>*Motor ya\u011f\u0131 de\u011fi\u015ftirilir<\/p>\n\n\n\n<p>*Ya\u011f filtresi ve yak\u0131t filtresi de\u011fi\u015ftirilir<\/p>\n\n\n\n<p>*Gerekiyorsa hava filtresi de\u011fi\u015ftirilir<\/p>\n\n\n\n<p>*Jenerat\u00f6r\u00fcn ar\u0131za testleri yap\u0131l\u0131r<\/p>\n\n\n\n<p>*Jenerat\u00f6r bo\u015fta ve y\u00fckte test edilir<\/p>\n\n\n\n<p><strong>Ayl\u0131k veya 100h \u00c7al\u0131\u015fma saati bak\u0131m\u0131:<\/strong><\/p>\n\n\n\n<p><strong>*<\/strong>M\u00fc\u015fteri taraf\u0131ndan yap\u0131l\u0131r<\/p>\n\n\n\n<p>*G\u00fcnl\u00fck kontroller aynen yap\u0131l\u0131r<\/p>\n\n\n\n<p>*Ak\u00fc sular\u0131 kontrol edilir<\/p>\n\n\n\n<p>*Jenerat\u00f6r 15 dakika kadar \u00e7al\u0131\u015ft\u0131r\u0131l\u0131r<\/p>\n\n\n\n<p><strong>6 Ayl\u0131k veya 250h \u00e7al\u0131\u015fma saati bak\u0131m\u0131:<\/strong><\/p>\n\n\n\n<p><strong>*<\/strong>Yetkili servis taraf\u0131ndan yap\u0131lmal\u0131d\u0131r.<\/p>\n\n\n\n<p>*Ayl\u0131k ve 100h \u00e7al\u0131\u015fma saatindeki bak\u0131mlar aynen yap\u0131l\u0131r.<\/p>\n\n\n\n<p>*Motor ya\u011f\u0131 de\u011fi\u015ftirilir<\/p>\n\n\n\n<p>*Ya\u011f ve yak\u0131t filtreleri de\u011fi\u015ftirilir<\/p>\n\n\n\n<p>*Hava filtresi temizlenir gerekirse de\u011fi\u015ftirilir<\/p>\n\n\n\n<p>*Tahrik kay\u0131\u015f\u0131 y\u0131rt\u0131lma ve gergisi kontrol edilir<\/p>\n\n\n\n<p><strong>Y\u0131ll\u0131k veya 750h \u00e7al\u0131\u015fma saati bak\u0131m\u0131:<\/strong><\/p>\n\n\n\n<p>*Yetkili servis taraf\u0131ndan yap\u0131l\u0131r<\/p>\n\n\n\n<p>*6 ayl\u0131k veya 250h \u00e7al\u0131\u015fma saatlik bak\u0131mlar aynen yap\u0131l\u0131r<\/p>\n\n\n\n<p>*Silindir kafa c\u0131vata ve somunlar\u0131 kontrol edilir<\/p>\n\n\n\n<p>*S\u00fcbap ayarlar\u0131 kontrol edilir<\/p>\n\n\n\n<p>*So\u011futma sistemindeki su tamamen bo\u015falt\u0131larak yeni antifriz koyulur<\/p>\n\n\n\n<p>*Alternat\u00f6r ve motor ba\u011flant\u0131lar\u0131 kontrol edilir<\/p>\n\n\n\n<p>*T\u00fcm g\u00f6stergeler kontrol edilir<\/p>\n\n\n\n<p>*Enjekt\u00f6rler kontrol edilir gerekirse temizlenir<\/p>\n\n\n\n<p><strong>Jenerat\u00f6r\u00fcn\u00fcz\u00fcn uygun ko\u015fullarda verimli olarak \u00e7al\u0131\u015fabilmesi ve garanti kapsam\u0131n\u0131n s\u00fcreklili\u011fi i\u00e7in bak\u0131mlar\u0131n orjinal par\u00e7a kullan\u0131larak yetkili servis taraf\u0131ndan yap\u0131lmas\u0131 gerekmektedir.<\/strong><\/p>\n","protected":false},"excerpt":{"rendered":"<p>G\u00dcNL\u00dcK KONTROLLER: *M\u00fc\u015fteri taraf\u0131ndan yap\u0131l\u0131r *G\u00fcvenlik a\u00e7\u0131s\u0131ndan jenerat\u00f6r\u00fcn\u00fcz otomatik ise kumanda paneli \u00fczerinden jenerat\u00f6r\u00fc kapal\u0131(OFF) konumuna al\u0131n\u0131z *Radyat\u00f6rdeki so\u011futma suyunu kontrol ediniz *So\u011futma suyu eksikse ilave ediniz *So\u011fuk havalar ba\u015flamadan so\u011futma suyundaki antifriz oran\u0131n\u0131 kontrol ediniz *Ya\u011f \u00e7ubu\u011funu \u00e7ekerek ya\u011f seviyesini kontrol ediniz gerekirse kullan\u0131m kitab\u0131nda belirtilen cinste ya\u011f ilave ediniz. *Yak\u0131t tank\u0131ndaki yak\u0131t seviyesini [&hellip;]<\/p>\n","protected":false},"author":1,"featured_media":0,"parent":0,"menu_order":0,"comment_status":"closed","ping_status":"closed","template":"","meta":[],"_links":{"self":[{"href":"https:\/\/www.dkcjenerator.com\/index.php?rest_route=\/wp\/v2\/pages\/42"}],"collection":[{"href":"https:\/\/www.dkcjenerator.com\/index.php?rest_route=\/wp\/v2\/pages"}],"about":[{"href":"https:\/\/www.dkcjenerator.com\/index.php?rest_route=\/wp\/v2\/types\/page"}],"author":[{"embeddable":true,"href":"https:\/\/www.dkcjenerator.com\/index.php?rest_route=\/wp\/v2\/users\/1"}],"replies":[{"embeddable":true,"href":"https:\/\/www.dkcjenerator.com\/index.php?rest_route=%2Fwp%2Fv2%2Fcomments&post=42"}],"version-history":[{"count":1,"href":"https:\/\/www.dkcjenerator.com\/index.php?rest_route=\/wp\/v2\/pages\/42\/revisions"}],"predecessor-version":[{"id":44,"href":"https:\/\/www.dkcjenerator.com\/index.php?rest_route=\/wp\/v2\/pages\/42\/revisions\/44"}],"wp:attachment":[{"href":"https:\/\/www.dkcjenerator.com\/index.php?rest_route=%2Fwp%2Fv2%2Fmedia&parent=42"}],"curies":[{"name":"wp","href":"https:\/\/api.w.org\/{rel}","templated":true}]}}