{"id":45,"date":"2021-08-23T18:06:14","date_gmt":"2021-08-23T18:06:14","guid":{"rendered":"http:\/\/www.dkcjenerator.com\/?page_id=45"},"modified":"2021-08-23T18:06:14","modified_gmt":"2021-08-23T18:06:14","slug":"ihtiyaca-uygun-jeneratorler","status":"publish","type":"page","link":"https:\/\/www.dkcjenerator.com\/?page_id=45","title":{"rendered":"\u0130htiyaca Uygun Jenerat\u00f6rler"},"content":{"rendered":"\n<p>Organizasyonda kullan\u0131lacak elektrik ihtiyac\u0131na g\u00f6re kullan\u0131lacak jenerat\u00f6r \u00e7e\u015fitlerini belirliyor ve jenerat\u00f6r ihtiyac\u0131n\u0131z\u0131 kar\u015f\u0131l\u0131yoruz.<\/p>\n\n\n\n<p><strong>Portatif Jenerat\u00f6r<\/strong>&nbsp;: Portatif jenerat\u00f6rler rahatl\u0131kla ta\u015f\u0131nabilen elektrik \u00fcrete\u00e7leridir. Benzinli ve dizel olmak \u00fczere 2 \u2018ye ayr\u0131l\u0131r. K\u00fc\u00e7\u00fck \u00f6l\u00e7ekli organizasyonlar i\u00e7in kullan\u0131m kolayl\u0131\u011f\u0131 vard\u0131r. K\u00fc\u00e7\u00fck \u00e7apl\u0131 organizasyonlar\u0131n\u0131zda kullanaca\u011f\u0131n\u0131z elektrikli cihazlar ve elektrik ihtiyac\u0131n\u0131z i\u00e7in, hem ta\u015f\u0131ma kolayl\u0131\u011f\u0131 olan hem de uygun maliyetli olan bu portatif jenerat\u00f6rlerimizden yararlanabilirsiniz. A\u00e7\u0131l\u0131\u015f organizasyonu, do\u011fum g\u00fcn\u00fc organizasyonu, evlilik teklifi organizasyonu ve piknik organizasyon gibi k\u00fc\u00e7\u00fck \u00f6l\u00e7ekli etkinlikleriniz i\u00e7in firmam\u0131zdan portatif jenerat\u00f6r temini, nakliye, kurulum ve kullan\u0131m deste\u011fi alabilirsiniz.<\/p>\n\n\n\n<p><strong>Mobil Jenerat\u00f6r&nbsp;<\/strong>: Mobil jenerat\u00f6r, ara\u00e7lar\u0131n i\u00e7erisinde yer alan jenerat\u00f6r \u00e7e\u015fididir. Kamyon, kamyonet gibi b\u00fcy\u00fck ara\u00e7lar\u0131n i\u00e7erisinde yer alan jenerat\u00f6r sistemi, organizasyon mekan\u0131ndaki elektrik ihtiyac\u0131n\u0131z\u0131 kar\u015f\u0131lar. B\u00fcy\u00fck \u00e7apl\u0131 organizasyonlar\u0131n\u0131zda i\u00e7 rahatl\u0131\u011f\u0131yla tercih edebilir, kesintisiz elektrik hizmetimizden yararlanabilirsiniz. Piknik organizasyonu, \u015fenlik organizasyonu, a\u00e7\u0131l\u0131\u015f organizasyonu, kumsal d\u00fc\u011f\u00fcn organizasyonu gibi b\u00fcy\u00fck \u00e7apl\u0131 organizasyonlar\u0131n\u0131zda mobil jenerat\u00f6r temini hizmetimiz ile elektrik ihtiya\u00e7lar\u0131n\u0131z\u0131 kar\u015f\u0131layabilirsiniz.<\/p>\n\n\n\n<p><strong>Kabinli Jenerat\u00f6r<\/strong>&nbsp;: Kabinli jenerat\u00f6r, b\u00fcy\u00fck \u00e7apl\u0131 organizasyonlarda kullan\u0131lan bir elektrik \u00fcretecidir. B\u00fcy\u00fck \u00f6l\u00e7ekli etkinlikler ve uzun s\u00fcreli olan organizasyonlarda tercih edilir. Kabinli jenerat\u00f6rler, organizasyon mekan\u0131n\u0131n uygun b\u00f6l\u00fcm\u00fcne sabitlenirler. Kaliteli ve kesintisiz bir elektrik hizmeti verirler. Uzun s\u00fcreli olan fuar organizasyonu, festival organizasyonu, \u015fenlik organizasyonu gibi etkinliklerde kabinli jenerat\u00f6r temini hizmetlerimizden yararlanabilirsiniz.<\/p>\n","protected":false},"excerpt":{"rendered":"<p>Organizasyonda kullan\u0131lacak elektrik ihtiyac\u0131na g\u00f6re kullan\u0131lacak jenerat\u00f6r \u00e7e\u015fitlerini belirliyor ve jenerat\u00f6r ihtiyac\u0131n\u0131z\u0131 kar\u015f\u0131l\u0131yoruz. Portatif Jenerat\u00f6r&nbsp;: Portatif jenerat\u00f6rler rahatl\u0131kla ta\u015f\u0131nabilen elektrik \u00fcrete\u00e7leridir. Benzinli ve dizel olmak \u00fczere 2 \u2018ye ayr\u0131l\u0131r. K\u00fc\u00e7\u00fck \u00f6l\u00e7ekli organizasyonlar i\u00e7in kullan\u0131m kolayl\u0131\u011f\u0131 vard\u0131r. K\u00fc\u00e7\u00fck \u00e7apl\u0131 organizasyonlar\u0131n\u0131zda kullanaca\u011f\u0131n\u0131z elektrikli cihazlar ve elektrik ihtiyac\u0131n\u0131z i\u00e7in, hem ta\u015f\u0131ma kolayl\u0131\u011f\u0131 olan hem de uygun maliyetli olan [&hellip;]<\/p>\n","protected":false},"author":1,"featured_media":0,"parent":0,"menu_order":0,"comment_status":"closed","ping_status":"closed","template":"","meta":[],"_links":{"self":[{"href":"https:\/\/www.dkcjenerator.com\/index.php?rest_route=\/wp\/v2\/pages\/45"}],"collection":[{"href":"https:\/\/www.dkcjenerator.com\/index.php?rest_route=\/wp\/v2\/pages"}],"about":[{"href":"https:\/\/www.dkcjenerator.com\/index.php?rest_route=\/wp\/v2\/types\/page"}],"author":[{"embeddable":true,"href":"https:\/\/www.dkcjenerator.com\/index.php?rest_route=\/wp\/v2\/users\/1"}],"replies":[{"embeddable":true,"href":"https:\/\/www.dkcjenerator.com\/index.php?rest_route=%2Fwp%2Fv2%2Fcomments&post=45"}],"version-history":[{"count":1,"href":"https:\/\/www.dkcjenerator.com\/index.php?rest_route=\/wp\/v2\/pages\/45\/revisions"}],"predecessor-version":[{"id":47,"href":"https:\/\/www.dkcjenerator.com\/index.php?rest_route=\/wp\/v2\/pages\/45\/revisions\/47"}],"wp:attachment":[{"href":"https:\/\/www.dkcjenerator.com\/index.php?rest_route=%2Fwp%2Fv2%2Fmedia&parent=45"}],"curies":[{"name":"wp","href":"https:\/\/api.w.org\/{rel}","templated":true}]}}