{"id":48,"date":"2021-08-23T18:07:53","date_gmt":"2021-08-23T18:07:53","guid":{"rendered":"http:\/\/www.dkcjenerator.com\/?page_id=48"},"modified":"2021-08-23T18:07:53","modified_gmt":"2021-08-23T18:07:53","slug":"jenerator-kiralama","status":"publish","type":"page","link":"https:\/\/www.dkcjenerator.com\/?page_id=48","title":{"rendered":"Jenerat\u00f6r Kiralama"},"content":{"rendered":"\n<p>DKJ JENERAT\u00d6R, Jenerat\u00f6r kiralama konusunda sizlere s\u00fcrekli ve ekonomik \u00e7\u00f6z\u00fcmler sunmaktad\u0131r. Uzman Ekibimiz jenerat\u00f6rleri kullan\u0131m yeriniz ve kullan\u0131lacak cihazlara g\u00f6re boyutland\u0131r\u0131p size en do\u011fru ve maksimum verimle \u00e7al\u0131\u015facak jenerat\u00f6rleri \u00f6nermektedir.<\/p>\n\n\n\n<p>Firmam\u0131zdan 5 kw dan 3000 KW\u2019a kadar benzinli ve dizel jenerat\u00f6rlerle acil elektrik ihtiya\u00e7lar\u0131n\u0131z\u0131 kesintisiz ve ekonomik olarak kar\u015f\u0131layabilirsiniz. Jenerat\u00f6rlerimizi g\u00fcnl\u00fck kiralayabilece\u011finiz gibi uzun d\u00f6nemli i\u015fletme garantisiyle de kiralayabilirsiniz. B\u00f6ylece servis bak\u0131m, yedek par\u00e7a, ar\u0131za periyodik bak\u0131mlar bizim i\u015fimiz olur, Siz i\u015finize odaklan\u0131rs\u0131n\u0131z.<\/p>\n\n\n\n<p>Kesintisiz ve s\u00fcrekli g\u00fc\u00e7 ve\/veya enerji ihtiyac\u0131n\u0131z i\u00e7in t\u00fcm d\u00fcnyada, \u00fclkemizde yayg\u0131n olarak kullan\u0131lan d\u0131\u015f kaynak kullan\u0131m\u0131 (outsource)ile i\u015fletme giderlerinizi ve maliyetleriniz tam olarak hesaplar, s\u00fcrpriz maliyetler ile kar\u015f\u0131la\u015fmazs\u0131n\u0131z.<\/p>\n\n\n\n<h3 id=\"h-neden-kiralama\">Neden Kiralama?<\/h3>\n\n\n\n<p>Kiralanan jenerat\u00f6r setin 2. El riskini ta\u015f\u0131maz,<\/p>\n\n\n\n<p>Servis\/Bak\u0131m konular\u0131yla u\u011fra\u015fmak yerine i\u015finize odaklanma imkan\u0131 sa\u011flar.<\/p>\n\n\n\n<p>\u0130\u015fletmenize, operasyonel y\u00fck\u00fcn\u00fc azaltarak insan kaynaklar\u0131 avantaj\u0131 sa\u011flar,<\/p>\n\n\n\n<p>G\u00fcn\u00fcn ge\u00e7erli ko\u015fullar\u0131ndaki son teknoloji \u00fcr\u00fcnler ile d\u00fc\u015f\u00fck yak\u0131t t\u00fcketimi sa\u011flar,<\/p>\n\n\n\n<p>Sermaye kullan\u0131m\u0131n engelleyerek etkin kaynak kullan\u0131m\u0131 olana\u011f\u0131 vard\u0131r.<\/p>\n\n\n\n<p>\u0130\u015fletmenize ayl\u0131k sabit \u00f6demeler ile d\u00fczenli nakit ak\u0131\u015f\u0131 sa\u011flama a\u00e7\u0131s\u0131ndan faydas\u0131 mevcuttur.<\/p>\n\n\n\n<p>Kira bedelinin tamam\u0131 gidere at\u0131lmas\u0131 ile birlikte, amortisman hesab\u0131 yap\u0131lmayarak vergi avantaj\u0131 sa\u011flama faydas\u0131 vard\u0131r.<\/p>\n\n\n\n<p>Tamiri m\u00fcmk\u00fcn olmayan durumlarda ikame jenerat\u00f6r ile i\u015fletmeye s\u00fcrd\u00fcr\u00fclebilirlik sa\u011flar,<\/p>\n\n\n\n<p>Jenerat\u00f6r Kiralama Se\u00e7enekleri<\/p>\n\n\n\n<p>\u00b7 Kabinli jenerat\u00f6r ve kabinsiz jenerat\u00f6r<\/p>\n\n\n\n<p>\u00b7 K\u0131sa ve uzun vadeli kiralama<\/p>\n\n\n\n<p>\u00b7 Ara\u00e7 \u00fcst\u00fc kiral\u0131k jenerat\u00f6r<\/p>\n\n\n\n<p>\u00b7 Ara\u00e7 \u00fczeri kiral\u0131k kabinli jenerat\u00f6r<\/p>\n\n\n\n<p>\u00b7 Ara\u00e7 ve teknisyenle beraber jenerat\u00f6r kiralama<\/p>\n\n\n\n<p>\u00b7 Ekonomik kiralama se\u00e7enekleri<\/p>\n\n\n\n<p>\u00b7 \u0130htiyac\u0131n\u0131za g\u00f6re jenerat\u00f6r se\u00e7enekleri<\/p>\n\n\n\n<p>\u00b7 Kiral\u0131k Jenerat\u00f6rde uygun \u00f6deme se\u00e7enekleri<\/p>\n\n\n\n<p>\u00b7 Servis Bak\u0131m ve Onar\u0131mda an\u0131nda m\u00fcdahale<\/p>\n","protected":false},"excerpt":{"rendered":"<p>DKJ JENERAT\u00d6R, Jenerat\u00f6r kiralama konusunda sizlere s\u00fcrekli ve ekonomik \u00e7\u00f6z\u00fcmler sunmaktad\u0131r. Uzman Ekibimiz jenerat\u00f6rleri kullan\u0131m yeriniz ve kullan\u0131lacak cihazlara g\u00f6re boyutland\u0131r\u0131p size en do\u011fru ve maksimum verimle \u00e7al\u0131\u015facak jenerat\u00f6rleri \u00f6nermektedir. Firmam\u0131zdan 5 kw dan 3000 KW\u2019a kadar benzinli ve dizel jenerat\u00f6rlerle acil elektrik ihtiya\u00e7lar\u0131n\u0131z\u0131 kesintisiz ve ekonomik olarak kar\u015f\u0131layabilirsiniz. Jenerat\u00f6rlerimizi g\u00fcnl\u00fck kiralayabilece\u011finiz gibi uzun d\u00f6nemli [&hellip;]<\/p>\n","protected":false},"author":1,"featured_media":0,"parent":0,"menu_order":0,"comment_status":"closed","ping_status":"closed","template":"","meta":[],"_links":{"self":[{"href":"https:\/\/www.dkcjenerator.com\/index.php?rest_route=\/wp\/v2\/pages\/48"}],"collection":[{"href":"https:\/\/www.dkcjenerator.com\/index.php?rest_route=\/wp\/v2\/pages"}],"about":[{"href":"https:\/\/www.dkcjenerator.com\/index.php?rest_route=\/wp\/v2\/types\/page"}],"author":[{"embeddable":true,"href":"https:\/\/www.dkcjenerator.com\/index.php?rest_route=\/wp\/v2\/users\/1"}],"replies":[{"embeddable":true,"href":"https:\/\/www.dkcjenerator.com\/index.php?rest_route=%2Fwp%2Fv2%2Fcomments&post=48"}],"version-history":[{"count":1,"href":"https:\/\/www.dkcjenerator.com\/index.php?rest_route=\/wp\/v2\/pages\/48\/revisions"}],"predecessor-version":[{"id":50,"href":"https:\/\/www.dkcjenerator.com\/index.php?rest_route=\/wp\/v2\/pages\/48\/revisions\/50"}],"wp:attachment":[{"href":"https:\/\/www.dkcjenerator.com\/index.php?rest_route=%2Fwp%2Fv2%2Fmedia&parent=48"}],"curies":[{"name":"wp","href":"https:\/\/api.w.org\/{rel}","templated":true}]}}