{"id":69,"date":"2021-08-23T18:38:55","date_gmt":"2021-08-23T18:38:55","guid":{"rendered":"http:\/\/www.dkcjenerator.com\/?page_id=69"},"modified":"2021-08-23T18:38:55","modified_gmt":"2021-08-23T18:38:55","slug":"satis-sonrasi-hizmetlerimiz","status":"publish","type":"page","link":"https:\/\/www.dkcjenerator.com\/?page_id=69","title":{"rendered":"Sat\u0131\u015f Sonras\u0131 Hizmetlerimiz"},"content":{"rendered":"\n<p>DKC TEKN\u0130K Jenerat\u00f6rden jenerat\u00f6r sat\u0131n alan m\u00fc\u015fterilerimiz her zaman bunun hakl\u0131 gururunu sat\u0131\u015f ve sat\u0131\u015f sonras\u0131 hizmetler ile yasamaktad\u0131rlar.<br><br>DKC TEKN\u0130K Jenerat\u00f6r yedek par\u00e7a sto\u011fu, 7&#215;24 teknik destek sa\u011flacak yeterlilikte ve say\u0131da personeli, kaliteli \u00fcr\u00fcn gam\u0131 ile m\u00fc\u015fterilerine en iyiyi sunmaktad\u0131r.<\/p>\n\n\n\n<p>T\u00fcrkiye de hemen hemen her ildeki yetkili servis ve sat\u0131\u015f noklar\u0131 ile hizmet veren DKC TEKN\u0130K Jenerator, TSE hizmet yeterlilik sertifikas\u0131 ile de \u00f6d\u00fcllendirilmi\u015ftir. Sat\u0131\u015f sonras\u0131 hizmetler de DKC TEKN\u0130K Jenerat\u00f6r\u00fc se\u00e7menizin en \u00f6nemli nedenleri;<\/p>\n\n\n\n<ul><li>DKC TEKN\u0130K jenerat\u00f6rlerini en iyi bilen devaml\u0131 kendilini yenileyen servis ekibi<\/li><li>Sat\u0131\u015f sonras\u0131 hizmetlerin ne kadar \u00f6nemli oldu\u011funun bilincindeki kurumsal yap\u0131<\/li><li>En uygun fiyatl\u0131 bak\u0131m maliyetleri<\/li><\/ul>\n","protected":false},"excerpt":{"rendered":"<p>DKC TEKN\u0130K Jenerat\u00f6rden jenerat\u00f6r sat\u0131n alan m\u00fc\u015fterilerimiz her zaman bunun hakl\u0131 gururunu sat\u0131\u015f ve sat\u0131\u015f sonras\u0131 hizmetler ile yasamaktad\u0131rlar. DKC TEKN\u0130K Jenerat\u00f6r yedek par\u00e7a sto\u011fu, 7&#215;24 teknik destek sa\u011flacak yeterlilikte ve say\u0131da personeli, kaliteli \u00fcr\u00fcn gam\u0131 ile m\u00fc\u015fterilerine en iyiyi sunmaktad\u0131r. T\u00fcrkiye de hemen hemen her ildeki yetkili servis ve sat\u0131\u015f noklar\u0131 ile hizmet veren [&hellip;]<\/p>\n","protected":false},"author":1,"featured_media":0,"parent":0,"menu_order":0,"comment_status":"closed","ping_status":"closed","template":"","meta":[],"_links":{"self":[{"href":"https:\/\/www.dkcjenerator.com\/index.php?rest_route=\/wp\/v2\/pages\/69"}],"collection":[{"href":"https:\/\/www.dkcjenerator.com\/index.php?rest_route=\/wp\/v2\/pages"}],"about":[{"href":"https:\/\/www.dkcjenerator.com\/index.php?rest_route=\/wp\/v2\/types\/page"}],"author":[{"embeddable":true,"href":"https:\/\/www.dkcjenerator.com\/index.php?rest_route=\/wp\/v2\/users\/1"}],"replies":[{"embeddable":true,"href":"https:\/\/www.dkcjenerator.com\/index.php?rest_route=%2Fwp%2Fv2%2Fcomments&post=69"}],"version-history":[{"count":1,"href":"https:\/\/www.dkcjenerator.com\/index.php?rest_route=\/wp\/v2\/pages\/69\/revisions"}],"predecessor-version":[{"id":71,"href":"https:\/\/www.dkcjenerator.com\/index.php?rest_route=\/wp\/v2\/pages\/69\/revisions\/71"}],"wp:attachment":[{"href":"https:\/\/www.dkcjenerator.com\/index.php?rest_route=%2Fwp%2Fv2%2Fmedia&parent=69"}],"curies":[{"name":"wp","href":"https:\/\/api.w.org\/{rel}","templated":true}]}}