{"id":73,"date":"2021-08-23T18:48:57","date_gmt":"2021-08-23T18:48:57","guid":{"rendered":"http:\/\/www.dkcjenerator.com\/?page_id=73"},"modified":"2022-02-12T13:21:08","modified_gmt":"2022-02-12T13:21:08","slug":"iletisim","status":"publish","type":"page","link":"https:\/\/www.dkcjenerator.com\/?page_id=73","title":{"rendered":"\u0130leti\u015fim"},"content":{"rendered":"\n<h2 id=\"h-bize-ula-n\">Bize Ula\u015f\u0131n<\/h2>\n\n\n\n<p><strong>DKC JENERAT\u00d6R<\/strong><br>\u0130stiklal Mah. Kuzey Sok. No:25\/6                                                                                                                                          \u00dcmraniye\/\u0130STANBUL<br>TURKEY<\/p>\n\n\n\n<p><a rel=\"noreferrer noopener\" href=\"tel:0541 978 28 97\" data-type=\"tel\" target=\"_blank\">0541 978 28 97<\/a><\/p>\n\n\n\n<p><a href=\"tel:05529509930\">0552 950 99 30<\/a><\/p>\n\n\n\n<p><a href=\"mailto:info@oyalenerji.com\">info@dkcjenerator.com<\/a><\/p>\n","protected":false},"excerpt":{"rendered":"<p>Bize Ula\u015f\u0131n DKC JENERAT\u00d6R\u0130stiklal Mah. Kuzey Sok. No:25\/6 \u00dcmraniye\/\u0130STANBULTURKEY 0541 978 28 97 0552 950 99 30 info@dkcjenerator.com<\/p>\n","protected":false},"author":1,"featured_media":0,"parent":0,"menu_order":0,"comment_status":"closed","ping_status":"closed","template":"","meta":[],"_links":{"self":[{"href":"https:\/\/www.dkcjenerator.com\/index.php?rest_route=\/wp\/v2\/pages\/73"}],"collection":[{"href":"https:\/\/www.dkcjenerator.com\/index.php?rest_route=\/wp\/v2\/pages"}],"about":[{"href":"https:\/\/www.dkcjenerator.com\/index.php?rest_route=\/wp\/v2\/types\/page"}],"author":[{"embeddable":true,"href":"https:\/\/www.dkcjenerator.com\/index.php?rest_route=\/wp\/v2\/users\/1"}],"replies":[{"embeddable":true,"href":"https:\/\/www.dkcjenerator.com\/index.php?rest_route=%2Fwp%2Fv2%2Fcomments&post=73"}],"version-history":[{"count":3,"href":"https:\/\/www.dkcjenerator.com\/index.php?rest_route=\/wp\/v2\/pages\/73\/revisions"}],"predecessor-version":[{"id":94,"href":"https:\/\/www.dkcjenerator.com\/index.php?rest_route=\/wp\/v2\/pages\/73\/revisions\/94"}],"wp:attachment":[{"href":"https:\/\/www.dkcjenerator.com\/index.php?rest_route=%2Fwp%2Fv2%2Fmedia&parent=73"}],"curies":[{"name":"wp","href":"https:\/\/api.w.org\/{rel}","templated":true}]}}